{"id":2,"date":"2016-05-10T03:48:21","date_gmt":"2016-05-10T03:48:21","guid":{"rendered":"http:\/\/grasse-engineering.de\/?page_id=2"},"modified":"2022-01-11T15:31:48","modified_gmt":"2022-01-11T15:31:48","slug":"sample-page","status":"publish","type":"page","link":"https:\/\/grasse-engineering.de\/","title":{"rendered":"Unternehmen"},"content":{"rendered":"<p>Das Unternehmen Grasse Engineering wurde 2004 in Berlin gegr\u00fcndet. Die Aktivit\u00e4ten umfassen die Durchf\u00fchrung von Dienstleistungen im Bereich der Konstruktion und Entwicklung von Sondermaschinen, die Beratung im Bereich der Zertifizierung und Akkreditierung sowie das Projekt- und Interimsmanagement.<\/p>\n<p>Grasse Engineering verf\u00fcgt \u00fcber eine langj\u00e4hrige und fundierte Erfahrung. Sprechen Sie uns an!<\/p>\n","protected":false},"excerpt":{"rendered":"<p>Das Unternehmen Grasse Engineering wurde 2004 in Berlin gegr\u00fcndet. Die Aktivit\u00e4ten umfassen die Durchf\u00fchrung von Dienstleistungen im Bereich der Konstruktion und Entwicklung von Sondermaschinen, die Beratung im Bereich der Zertifizierung und Akkreditierung sowie das Projekt- und Interimsmanagement. Grasse Engineering verf\u00fcgt \u00fcber eine langj\u00e4hrige und fundierte Erfahrung. Sprechen Sie uns an!<\/p>\n","protected":false},"author":1,"featured_media":0,"parent":0,"menu_order":0,"comment_status":"closed","ping_status":"open","template":"","meta":[],"_links":{"self":[{"href":"https:\/\/grasse-engineering.de\/index.php?rest_route=\/wp\/v2\/pages\/2"}],"collection":[{"href":"https:\/\/grasse-engineering.de\/index.php?rest_route=\/wp\/v2\/pages"}],"about":[{"href":"https:\/\/grasse-engineering.de\/index.php?rest_route=\/wp\/v2\/types\/page"}],"author":[{"embeddable":true,"href":"https:\/\/grasse-engineering.de\/index.php?rest_route=\/wp\/v2\/users\/1"}],"replies":[{"embeddable":true,"href":"https:\/\/grasse-engineering.de\/index.php?rest_route=%2Fwp%2Fv2%2Fcomments&post=2"}],"version-history":[{"count":5,"href":"https:\/\/grasse-engineering.de\/index.php?rest_route=\/wp\/v2\/pages\/2\/revisions"}],"predecessor-version":[{"id":17,"href":"https:\/\/grasse-engineering.de\/index.php?rest_route=\/wp\/v2\/pages\/2\/revisions\/17"}],"wp:attachment":[{"href":"https:\/\/grasse-engineering.de\/index.php?rest_route=%2Fwp%2Fv2%2Fmedia&parent=2"}],"curies":[{"name":"wp","href":"https:\/\/api.w.org\/{rel}","templated":true}]}}